{"id":14364,"date":"2024-07-08T15:26:06","date_gmt":"2024-07-08T13:26:06","guid":{"rendered":"https:\/\/advired.cz\/?page_id=14364"},"modified":"2024-07-10T09:23:06","modified_gmt":"2024-07-10T07:23:06","slug":"digitalni-karty","status":"publish","type":"page","link":"https:\/\/advired.cz\/cs\/digitalni-karty\/","title":{"rendered":"Digit\u00e1ln\u00ed karty"},"content":{"rendered":"\t\t<div data-elementor-type=\"wp-page\" data-elementor-id=\"14364\" class=\"elementor elementor-14364\" data-elementor-post-type=\"page\">\n\t\t\t\t\t\t<section class=\"elementor-section elementor-top-section elementor-element elementor-element-e8582e2 elementor-section-boxed elementor-section-height-default elementor-section-height-default\" data-id=\"e8582e2\" data-element_type=\"section\">\n\t\t\t\t\t\t<div class=\"elementor-container elementor-column-gap-default\">\n\t\t\t\t\t<div class=\"elementor-column elementor-col-100 elementor-top-column elementor-element elementor-element-590c4e0\" data-id=\"590c4e0\" data-element_type=\"column\">\n\t\t\t<div class=\"elementor-widget-wrap elementor-element-populated\">\n\t\t\t\t\t\t<div class=\"elementor-element elementor-element-76517f6 elementor-widget elementor-widget-text-editor\" data-id=\"76517f6\" data-element_type=\"widget\" data-widget_type=\"text-editor.default\">\n\t\t\t\t<div class=\"elementor-widget-container\">\n\t\t\t\t\t\t\t<p>Na\u0161e digit\u00e1ln\u00ed karta je revolu\u010dn\u00ed n\u00e1stroj pro udr\u017een\u00ed z\u00e1kazn\u00edk\u016f a cross-selling. Nab\u00edz\u00ed v\u0161echny v\u00fdhody mobiln\u00ed aplikace bez nutnosti jej\u00edho v\u00fdvoje a \u00fadr\u017eby. S dynamick\u00fdmi textov\u00fdmi poli, \u010d\u00e1rov\u00fdmi k\u00f3dy a p\u0159\u00edm\u00fdmi odkazy do mobiln\u00edch aplikac\u00ed zjednodu\u0161uje komunikaci a zvy\u0161uje efektivitu. Integrace do mobiln\u00edch telefon\u016f je snadn\u00e1 a rychl\u00e1, s n\u00edzk\u00fdmi po\u0159izovac\u00edmi n\u00e1klady. S a\u017e 7x vy\u0161\u0161\u00ed m\u00edrou sta\u017een\u00ed oproti mobiln\u00edm aplikac\u00edm je na\u0161e digit\u00e1ln\u00ed karta ide\u00e1ln\u00ed volbou pro v\u0161echny generace. Ide\u00e1ln\u00ed pro marketingov\u00e9 kampan\u011b, zvy\u0161uje retenci a zlep\u0161uje z\u00e1kaznickou zku\u0161enost. Napi\u0161te si o uk\u00e1zkovou karti\u010dku i pro Va\u0161i spole\u010dnost.<\/p>\t\t\t\t\t\t<\/div>\n\t\t\t\t<\/div>\n\t\t\t\t\t<\/div>\n\t\t<\/div>\n\t\t\t\t\t<\/div>\n\t\t<\/section>\n\t\t\t\t<section class=\"elementor-section elementor-top-section elementor-element elementor-element-c1c6672 elementor-section-boxed elementor-section-height-default elementor-section-height-default\" data-id=\"c1c6672\" data-element_type=\"section\">\n\t\t\t\t\t\t<div class=\"elementor-container elementor-column-gap-default\">\n\t\t\t\t\t<div class=\"elementor-column elementor-col-100 elementor-top-column elementor-element elementor-element-ed6ec2d\" data-id=\"ed6ec2d\" data-element_type=\"column\">\n\t\t\t<div class=\"elementor-widget-wrap elementor-element-populated\">\n\t\t\t\t\t\t<div class=\"elementor-element elementor-element-0d44e98 elementor-widget elementor-widget-image\" data-id=\"0d44e98\" data-element_type=\"widget\" data-widget_type=\"image.default\">\n\t\t\t\t<div class=\"elementor-widget-container\">\n\t\t\t\t\t\t\t\t\t\t\t\t\t<img fetchpriority=\"high\" decoding=\"async\" width=\"1536\" height=\"849\" src=\"https:\/\/advired-web.s3.amazonaws.com\/2024\/07\/digi_cart-featureImage-1536x849.png\" class=\"attachment-1536x1536 size-1536x1536 wp-image-14363\" alt=\"\" srcset=\"https:\/\/advired-web.s3.amazonaws.com\/2024\/07\/digi_cart-featureImage-1536x849.png 1536w, https:\/\/advired-web.s3.amazonaws.com\/2024\/07\/digi_cart-featureImage-300x166.png 300w, https:\/\/advired-web.s3.amazonaws.com\/2024\/07\/digi_cart-featureImage-1024x566.png 1024w, https:\/\/advired-web.s3.amazonaws.com\/2024\/07\/digi_cart-featureImage-768x425.png 768w, https:\/\/advired-web.s3.amazonaws.com\/2024\/07\/digi_cart-featureImage-2048x1132.png 2048w, https:\/\/advired-web.s3.amazonaws.com\/2024\/07\/digi_cart-featureImage-18x10.png 18w\" sizes=\"(max-width: 1536px) 100vw, 1536px\" \/>\t\t\t\t\t\t\t\t\t\t\t\t\t<\/div>\n\t\t\t\t<\/div>\n\t\t\t\t\t<\/div>\n\t\t<\/div>\n\t\t\t\t\t<\/div>\n\t\t<\/section>\n\t\t\t\t<\/div>\n\t\t","protected":false},"excerpt":{"rendered":"<p>Na\u0161e digit\u00e1ln\u00ed karta je revolu\u010dn\u00ed n\u00e1stroj pro udr\u017een\u00ed z\u00e1kazn\u00edk\u016f a cross-selling. Nab\u00edz\u00ed v\u0161echny v\u00fdhody mobiln\u00ed aplikace bez nutnosti jej\u00edho v\u00fdvoje a \u00fadr\u017eby. S dynamick\u00fdmi textov\u00fdmi poli, \u010d\u00e1rov\u00fdmi k\u00f3dy a p\u0159\u00edm\u00fdmi odkazy do mobiln\u00edch aplikac\u00ed zjednodu\u0161uje komunikaci a zvy\u0161uje efektivitu. Integrace do mobiln\u00edch telefon\u016f je snadn\u00e1 a rychl\u00e1, s n\u00edzk\u00fdmi po\u0159izovac\u00edmi n\u00e1klady. S a\u017e 7x vy\u0161\u0161\u00ed m\u00edrou sta\u017een\u00ed oproti mobiln\u00edm aplikac\u00edm je na\u0161e digit\u00e1ln\u00ed karta ide\u00e1ln\u00ed volbou pro v\u0161echny generace. Ide\u00e1ln\u00ed pro marketingov\u00e9 kampan\u011b, zvy\u0161uje retenci a zlep\u0161uje z\u00e1kaznickou zku\u0161enost. Napi\u0161te si o uk\u00e1zkovou karti\u010dku i pro Va\u0161i spole\u010dnost.<\/p>\n","protected":false},"author":4,"featured_media":14394,"parent":0,"menu_order":0,"comment_status":"closed","ping_status":"closed","template":"","meta":{"footnotes":""},"yoast_head":"<!-- This site is optimized with the Yoast SEO plugin v23.0 - https:\/\/yoast.com\/wordpress\/plugins\/seo\/ -->\n<title>Advired | Digit\u00e1ln\u00ed karty<\/title>\n<meta name=\"robots\" content=\"index, follow, max-snippet:-1, max-image-preview:large, max-video-preview:-1\" \/>\n<link rel=\"canonical\" href=\"https:\/\/advired.cz\/cs\/digitalni-karty\/\" \/>\n<meta property=\"og:locale\" content=\"cs_CZ\" \/>\n<meta property=\"og:type\" content=\"article\" \/>\n<meta property=\"og:title\" content=\"Advired | Digit\u00e1ln\u00ed karty\" \/>\n<meta property=\"og:description\" content=\"Na\u0161e digit\u00e1ln\u00ed karta je revolu\u010dn\u00ed n\u00e1stroj pro udr\u017een\u00ed z\u00e1kazn\u00edk\u016f a cross-selling. Nab\u00edz\u00ed v\u0161echny v\u00fdhody mobiln\u00ed aplikace bez nutnosti jej\u00edho v\u00fdvoje a \u00fadr\u017eby. S dynamick\u00fdmi textov\u00fdmi poli, \u010d\u00e1rov\u00fdmi k\u00f3dy a p\u0159\u00edm\u00fdmi odkazy do mobiln\u00edch aplikac\u00ed zjednodu\u0161uje komunikaci a zvy\u0161uje efektivitu. Integrace do mobiln\u00edch telefon\u016f je snadn\u00e1 a rychl\u00e1, s n\u00edzk\u00fdmi po\u0159izovac\u00edmi n\u00e1klady. S a\u017e 7x vy\u0161\u0161\u00ed m\u00edrou sta\u017een\u00ed oproti mobiln\u00edm aplikac\u00edm je na\u0161e digit\u00e1ln\u00ed karta ide\u00e1ln\u00ed volbou pro v\u0161echny generace. Ide\u00e1ln\u00ed pro marketingov\u00e9 kampan\u011b, zvy\u0161uje retenci a zlep\u0161uje z\u00e1kaznickou zku\u0161enost. Napi\u0161te si o uk\u00e1zkovou karti\u010dku i pro Va\u0161i spole\u010dnost.\" \/>\n<meta property=\"og:url\" content=\"https:\/\/advired.cz\/cs\/digitalni-karty\/\" \/>\n<meta property=\"og:site_name\" content=\"Advired\" \/>\n<meta property=\"article:publisher\" content=\"https:\/\/facebook.com\/advired\/\" \/>\n<meta property=\"article:modified_time\" content=\"2024-07-10T07:23:06+00:00\" \/>\n<meta property=\"og:image\" content=\"https:\/\/advired-web.s3.amazonaws.com\/2024\/07\/yourpass-scaled.jpg\" \/>\n\t<meta property=\"og:image:width\" content=\"2560\" \/>\n\t<meta property=\"og:image:height\" content=\"1204\" \/>\n\t<meta property=\"og:image:type\" content=\"image\/jpeg\" \/>\n<meta name=\"twitter:card\" content=\"summary_large_image\" \/>\n<meta name=\"twitter:label1\" content=\"Est. reading time\" \/>\n\t<meta name=\"twitter:data1\" content=\"1 minuta\" \/>\n<script type=\"application\/ld+json\" class=\"yoast-schema-graph\">{\"@context\":\"https:\/\/schema.org\",\"@graph\":[{\"@type\":\"WebPage\",\"@id\":\"https:\/\/advired.cz\/cs\/digitalni-karty\/\",\"url\":\"https:\/\/advired.cz\/cs\/digitalni-karty\/\",\"name\":\"Advired | Digit\u00e1ln\u00ed karty\",\"isPartOf\":{\"@id\":\"https:\/\/advired.cz\/cs\/#website\"},\"primaryImageOfPage\":{\"@id\":\"https:\/\/advired.cz\/cs\/digitalni-karty\/#primaryimage\"},\"image\":{\"@id\":\"https:\/\/advired.cz\/cs\/digitalni-karty\/#primaryimage\"},\"thumbnailUrl\":\"https:\/\/advired-web.s3.amazonaws.com\/2024\/07\/yourpass-scaled.jpg\",\"datePublished\":\"2024-07-08T13:26:06+00:00\",\"dateModified\":\"2024-07-10T07:23:06+00:00\",\"breadcrumb\":{\"@id\":\"https:\/\/advired.cz\/cs\/digitalni-karty\/#breadcrumb\"},\"inLanguage\":\"cs\",\"potentialAction\":[{\"@type\":\"ReadAction\",\"target\":[\"https:\/\/advired.cz\/cs\/digitalni-karty\/\"]}]},{\"@type\":\"ImageObject\",\"inLanguage\":\"cs\",\"@id\":\"https:\/\/advired.cz\/cs\/digitalni-karty\/#primaryimage\",\"url\":\"https:\/\/advired-web.s3.amazonaws.com\/2024\/07\/yourpass-scaled.jpg\",\"contentUrl\":\"https:\/\/advired-web.s3.amazonaws.com\/2024\/07\/yourpass-scaled.jpg\",\"width\":2560,\"height\":1204},{\"@type\":\"BreadcrumbList\",\"@id\":\"https:\/\/advired.cz\/cs\/digitalni-karty\/#breadcrumb\",\"itemListElement\":[{\"@type\":\"ListItem\",\"position\":1,\"name\":\"Dom\u016f\",\"item\":\"https:\/\/advired.cz\/cs\/\"},{\"@type\":\"ListItem\",\"position\":2,\"name\":\"Digit\u00e1ln\u00ed karty\"}]},{\"@type\":\"WebSite\",\"@id\":\"https:\/\/advired.cz\/cs\/#website\",\"url\":\"https:\/\/advired.cz\/cs\/\",\"name\":\"Advired\",\"description\":\"Salesforce implementace, obchod, marketing &amp; HR, Google \u0159e\u0161en\u00ed, IT poradenstv\u00ed, ETL\",\"publisher\":{\"@id\":\"https:\/\/advired.cz\/cs\/#organization\"},\"potentialAction\":[{\"@type\":\"SearchAction\",\"target\":{\"@type\":\"EntryPoint\",\"urlTemplate\":\"https:\/\/advired.cz\/cs\/?s={search_term_string}\"},\"query-input\":\"required name=search_term_string\"}],\"inLanguage\":\"cs\"},{\"@type\":\"Organization\",\"@id\":\"https:\/\/advired.cz\/cs\/#organization\",\"name\":\"Advired\",\"url\":\"https:\/\/advired.cz\/cs\/\",\"logo\":{\"@type\":\"ImageObject\",\"inLanguage\":\"cs\",\"@id\":\"https:\/\/advired.cz\/cs\/#\/schema\/logo\/image\/\",\"url\":\"http:\/\/advired.loc\/app\/uploads\/2019\/07\/advired-logo-rgb.png\",\"contentUrl\":\"http:\/\/advired.loc\/app\/uploads\/2019\/07\/advired-logo-rgb.png\",\"width\":1998,\"height\":397,\"caption\":\"Advired\"},\"image\":{\"@id\":\"https:\/\/advired.cz\/cs\/#\/schema\/logo\/image\/\"},\"sameAs\":[\"https:\/\/facebook.com\/advired\/\"]}]}<\/script>\n<!-- \/ Yoast SEO plugin. -->","yoast_head_json":{"title":"Advired | Digit\u00e1ln\u00ed karty","robots":{"index":"index","follow":"follow","max-snippet":"max-snippet:-1","max-image-preview":"max-image-preview:large","max-video-preview":"max-video-preview:-1"},"canonical":"https:\/\/advired.cz\/cs\/digitalni-karty\/","og_locale":"cs_CZ","og_type":"article","og_title":"Advired | Digit\u00e1ln\u00ed karty","og_description":"Na\u0161e digit\u00e1ln\u00ed karta je revolu\u010dn\u00ed n\u00e1stroj pro udr\u017een\u00ed z\u00e1kazn\u00edk\u016f a cross-selling. Nab\u00edz\u00ed v\u0161echny v\u00fdhody mobiln\u00ed aplikace bez nutnosti jej\u00edho v\u00fdvoje a \u00fadr\u017eby. S dynamick\u00fdmi textov\u00fdmi poli, \u010d\u00e1rov\u00fdmi k\u00f3dy a p\u0159\u00edm\u00fdmi odkazy do mobiln\u00edch aplikac\u00ed zjednodu\u0161uje komunikaci a zvy\u0161uje efektivitu. Integrace do mobiln\u00edch telefon\u016f je snadn\u00e1 a rychl\u00e1, s n\u00edzk\u00fdmi po\u0159izovac\u00edmi n\u00e1klady. S a\u017e 7x vy\u0161\u0161\u00ed m\u00edrou sta\u017een\u00ed oproti mobiln\u00edm aplikac\u00edm je na\u0161e digit\u00e1ln\u00ed karta ide\u00e1ln\u00ed volbou pro v\u0161echny generace. Ide\u00e1ln\u00ed pro marketingov\u00e9 kampan\u011b, zvy\u0161uje retenci a zlep\u0161uje z\u00e1kaznickou zku\u0161enost. Napi\u0161te si o uk\u00e1zkovou karti\u010dku i pro Va\u0161i spole\u010dnost.","og_url":"https:\/\/advired.cz\/cs\/digitalni-karty\/","og_site_name":"Advired","article_publisher":"https:\/\/facebook.com\/advired\/","article_modified_time":"2024-07-10T07:23:06+00:00","og_image":[{"width":2560,"height":1204,"url":"https:\/\/advired-web.s3.amazonaws.com\/2024\/07\/yourpass-scaled.jpg","type":"image\/jpeg"}],"twitter_card":"summary_large_image","twitter_misc":{"Est. reading time":"1 minuta"},"schema":{"@context":"https:\/\/schema.org","@graph":[{"@type":"WebPage","@id":"https:\/\/advired.cz\/cs\/digitalni-karty\/","url":"https:\/\/advired.cz\/cs\/digitalni-karty\/","name":"Advired | Digit\u00e1ln\u00ed karty","isPartOf":{"@id":"https:\/\/advired.cz\/cs\/#website"},"primaryImageOfPage":{"@id":"https:\/\/advired.cz\/cs\/digitalni-karty\/#primaryimage"},"image":{"@id":"https:\/\/advired.cz\/cs\/digitalni-karty\/#primaryimage"},"thumbnailUrl":"https:\/\/advired-web.s3.amazonaws.com\/2024\/07\/yourpass-scaled.jpg","datePublished":"2024-07-08T13:26:06+00:00","dateModified":"2024-07-10T07:23:06+00:00","breadcrumb":{"@id":"https:\/\/advired.cz\/cs\/digitalni-karty\/#breadcrumb"},"inLanguage":"cs","potentialAction":[{"@type":"ReadAction","target":["https:\/\/advired.cz\/cs\/digitalni-karty\/"]}]},{"@type":"ImageObject","inLanguage":"cs","@id":"https:\/\/advired.cz\/cs\/digitalni-karty\/#primaryimage","url":"https:\/\/advired-web.s3.amazonaws.com\/2024\/07\/yourpass-scaled.jpg","contentUrl":"https:\/\/advired-web.s3.amazonaws.com\/2024\/07\/yourpass-scaled.jpg","width":2560,"height":1204},{"@type":"BreadcrumbList","@id":"https:\/\/advired.cz\/cs\/digitalni-karty\/#breadcrumb","itemListElement":[{"@type":"ListItem","position":1,"name":"Dom\u016f","item":"https:\/\/advired.cz\/cs\/"},{"@type":"ListItem","position":2,"name":"Digit\u00e1ln\u00ed karty"}]},{"@type":"WebSite","@id":"https:\/\/advired.cz\/cs\/#website","url":"https:\/\/advired.cz\/cs\/","name":"Advired","description":"Salesforce implementace, obchod, marketing &amp; HR, Google \u0159e\u0161en\u00ed, IT poradenstv\u00ed, ETL","publisher":{"@id":"https:\/\/advired.cz\/cs\/#organization"},"potentialAction":[{"@type":"SearchAction","target":{"@type":"EntryPoint","urlTemplate":"https:\/\/advired.cz\/cs\/?s={search_term_string}"},"query-input":"required name=search_term_string"}],"inLanguage":"cs"},{"@type":"Organization","@id":"https:\/\/advired.cz\/cs\/#organization","name":"Advired","url":"https:\/\/advired.cz\/cs\/","logo":{"@type":"ImageObject","inLanguage":"cs","@id":"https:\/\/advired.cz\/cs\/#\/schema\/logo\/image\/","url":"http:\/\/advired.loc\/app\/uploads\/2019\/07\/advired-logo-rgb.png","contentUrl":"http:\/\/advired.loc\/app\/uploads\/2019\/07\/advired-logo-rgb.png","width":1998,"height":397,"caption":"Advired"},"image":{"@id":"https:\/\/advired.cz\/cs\/#\/schema\/logo\/image\/"},"sameAs":["https:\/\/facebook.com\/advired\/"]}]}},"_links":{"self":[{"href":"https:\/\/advired.cz\/cs\/wp-json\/wp\/v2\/pages\/14364"}],"collection":[{"href":"https:\/\/advired.cz\/cs\/wp-json\/wp\/v2\/pages"}],"about":[{"href":"https:\/\/advired.cz\/cs\/wp-json\/wp\/v2\/types\/page"}],"author":[{"embeddable":true,"href":"https:\/\/advired.cz\/cs\/wp-json\/wp\/v2\/users\/4"}],"replies":[{"embeddable":true,"href":"https:\/\/advired.cz\/cs\/wp-json\/wp\/v2\/comments?post=14364"}],"version-history":[{"count":3,"href":"https:\/\/advired.cz\/cs\/wp-json\/wp\/v2\/pages\/14364\/revisions"}],"predecessor-version":[{"id":14378,"href":"https:\/\/advired.cz\/cs\/wp-json\/wp\/v2\/pages\/14364\/revisions\/14378"}],"wp:featuredmedia":[{"embeddable":true,"href":"https:\/\/advired.cz\/cs\/wp-json\/wp\/v2\/media\/14394"}],"wp:attachment":[{"href":"https:\/\/advired.cz\/cs\/wp-json\/wp\/v2\/media?parent=14364"}],"curies":[{"name":"wp","href":"https:\/\/api.w.org\/{rel}","templated":true}]}}